{"id":36390,"date":"2025-12-04T14:58:49","date_gmt":"2025-12-04T14:58:49","guid":{"rendered":"https:\/\/www.kurpfalz-internat.de\/inscripcion-en-linea-para-la-escuela-de-verano"},"modified":"2026-01-19T13:58:56","modified_gmt":"2026-01-19T13:58:56","slug":"inscripcion-en-linea-para-la-escuela-de-verano","status":"publish","type":"page","link":"https:\/\/www.kurpfalz-internat.de\/es\/inscripcion-en-linea-para-la-escuela-de-verano","title":{"rendered":"Inscripci\u00f3n en l\u00ednea para la Escuela de Verano"},"content":{"rendered":"\n<h1 class=\"wp-block-heading\">Ahora inscribirse en la Escuela de Verano<\/h1>\n\n<iframe loading=\"lazy\" title=\"\u201dSummer\" school=\"\" online=\"\" anmeldung=\"\" id=\"dynamicIframe\" src=\"https:\/\/ims.kurpfalz-internat.de\/summer-school\/registration\/new\" width=\"100%\" height=\"600px\" frameborder=\"0\" allowfullscreen=\"\">\n<\/iframe>\n\n<script>\n    const iframe = document.getElementById('dynamicIframe');\n    if (iframe) {\n        function setIframeHeightByScreen() {\n            const screenWidth = window.innerWidth;\n            let newHeight;\n            if (screenWidth <= 768) {\n                newHeight = '2040px';\n            } else if (screenWidth > 768 && screenWidth <= 1199) {\n                newHeight = '1540px';\n            } else {\n                newHeight = '1140px';\n            }\n            iframe.style.height = newHeight;\n        }\n        setIframeHeightByScreen();\n        window.addEventListener('resize', setIframeHeightByScreen);\n    }\n<\/script>\n","protected":false},"excerpt":{"rendered":"<p>Ahora inscribirse en la Escuela de Verano<\/p>\n","protected":false},"author":1,"featured_media":0,"parent":0,"menu_order":0,"comment_status":"closed","ping_status":"closed","template":"","meta":{"_acf_changed":false,"footnotes":""},"class_list":["post-36390","page","type-page","status-publish"],"acf":[],"yoast_head":"<!-- This site is optimized with the Yoast SEO plugin v26.9 - https:\/\/yoast.com\/product\/yoast-seo-wordpress\/ -->\n<title>Inscripci\u00f3n en l\u00ednea para la Escuela de Verano - Kurpfalz Internat<\/title>\n<meta name=\"description\" content=\"Inscripci\u00f3n en l\u00ednea para la Escuela de Verano del Internado Kurpfalz.\" \/>\n<meta name=\"robots\" content=\"index, follow, max-snippet:-1, max-image-preview:large, max-video-preview:-1\" \/>\n<link rel=\"canonical\" href=\"https:\/\/www.kurpfalz-internat.de\/es\/inscripcion-en-linea-para-la-escuela-de-verano\" \/>\n<meta property=\"og:locale\" content=\"es_ES\" \/>\n<meta property=\"og:type\" content=\"article\" \/>\n<meta property=\"og:title\" content=\"Inscripci\u00f3n en l\u00ednea para la Escuela de Verano - Kurpfalz Internat\" \/>\n<meta property=\"og:description\" content=\"Inscripci\u00f3n en l\u00ednea para la Escuela de Verano del Internado Kurpfalz.\" \/>\n<meta property=\"og:url\" content=\"https:\/\/www.kurpfalz-internat.de\/es\/inscripcion-en-linea-para-la-escuela-de-verano\" \/>\n<meta property=\"og:site_name\" content=\"Kurpfalz Internat\" \/>\n<meta property=\"article:modified_time\" content=\"2026-01-19T13:58:56+00:00\" \/>\n<meta name=\"twitter:card\" content=\"summary_large_image\" \/>\n<script type=\"application\/ld+json\" class=\"yoast-schema-graph\">{\"@context\":\"https:\/\/schema.org\",\"@graph\":[{\"@type\":\"WebPage\",\"@id\":\"https:\/\/www.kurpfalz-internat.de\/es\/inscripcion-en-linea-para-la-escuela-de-verano#webpage\",\"url\":\"https:\/\/www.kurpfalz-internat.de\/es\/inscripcion-en-linea-para-la-escuela-de-verano\",\"name\":\"Inscripci\u00f3n en l\u00ednea para la Escuela de Verano - Kurpfalz Internat\",\"isPartOf\":{\"@id\":\"https:\/\/www.kurpfalz-internat.de\/es#website\"},\"datePublished\":\"2025-12-04T14:58:49+00:00\",\"dateModified\":\"2026-01-19T13:58:56+00:00\",\"description\":\"Inscripci\u00f3n en l\u00ednea para la Escuela de Verano del Internado Kurpfalz.\",\"breadcrumb\":{\"@id\":\"https:\/\/www.kurpfalz-internat.de\/es\/inscripcion-en-linea-para-la-escuela-de-verano#breadcrumb\"},\"inLanguage\":\"es\",\"potentialAction\":[{\"@type\":\"ReadAction\",\"target\":[\"https:\/\/www.kurpfalz-internat.de\/es\/inscripcion-en-linea-para-la-escuela-de-verano\"]}]},{\"@type\":\"BreadcrumbList\",\"@id\":\"https:\/\/www.kurpfalz-internat.de\/es\/inscripcion-en-linea-para-la-escuela-de-verano#breadcrumb\",\"itemListElement\":[{\"@type\":\"ListItem\",\"position\":1,\"name\":\"Startseite\",\"item\":\"https:\/\/www.kurpfalz-internat.de\/es\"},{\"@type\":\"ListItem\",\"position\":2,\"name\":\"Inscripci\u00f3n en l\u00ednea para la Escuela de Verano\"}]},{\"@type\":\"WebSite\",\"@id\":\"https:\/\/www.kurpfalz-internat.de\/es#website\",\"url\":\"https:\/\/www.kurpfalz-internat.de\/es\",\"name\":\"Kurpfalz Internat\",\"description\":\"El internado privado Kurpfalz con escuela secundaria y escuela t\u00e9cnica \u2013 para estudiantes que buscan un desaf\u00edo.\",\"potentialAction\":[{\"@type\":\"SearchAction\",\"target\":{\"@type\":\"EntryPoint\",\"urlTemplate\":\"https:\/\/www.kurpfalz-internat.de\/es?s={search_term_string}\"},\"query-input\":{\"@type\":\"PropertyValueSpecification\",\"valueRequired\":true,\"valueName\":\"search_term_string\"}}],\"inLanguage\":\"es\"}]}<\/script>\n<!-- \/ Yoast SEO plugin. -->","yoast_head_json":{"title":"Inscripci\u00f3n en l\u00ednea para la Escuela de Verano - Kurpfalz Internat","description":"Inscripci\u00f3n en l\u00ednea para la Escuela de Verano del Internado Kurpfalz.","robots":{"index":"index","follow":"follow","max-snippet":"max-snippet:-1","max-image-preview":"max-image-preview:large","max-video-preview":"max-video-preview:-1"},"canonical":"https:\/\/www.kurpfalz-internat.de\/es\/inscripcion-en-linea-para-la-escuela-de-verano","og_locale":"es_ES","og_type":"article","og_title":"Inscripci\u00f3n en l\u00ednea para la Escuela de Verano - Kurpfalz Internat","og_description":"Inscripci\u00f3n en l\u00ednea para la Escuela de Verano del Internado Kurpfalz.","og_url":"https:\/\/www.kurpfalz-internat.de\/es\/inscripcion-en-linea-para-la-escuela-de-verano","og_site_name":"Kurpfalz Internat","article_modified_time":"2026-01-19T13:58:56+00:00","twitter_card":"summary_large_image","schema":{"@context":"https:\/\/schema.org","@graph":[{"@type":"WebPage","@id":"https:\/\/www.kurpfalz-internat.de\/es\/inscripcion-en-linea-para-la-escuela-de-verano#webpage","url":"https:\/\/www.kurpfalz-internat.de\/es\/inscripcion-en-linea-para-la-escuela-de-verano","name":"Inscripci\u00f3n en l\u00ednea para la Escuela de Verano - Kurpfalz Internat","isPartOf":{"@id":"https:\/\/www.kurpfalz-internat.de\/es#website"},"datePublished":"2025-12-04T14:58:49+00:00","dateModified":"2026-01-19T13:58:56+00:00","description":"Inscripci\u00f3n en l\u00ednea para la Escuela de Verano del Internado Kurpfalz.","breadcrumb":{"@id":"https:\/\/www.kurpfalz-internat.de\/es\/inscripcion-en-linea-para-la-escuela-de-verano#breadcrumb"},"inLanguage":"es","potentialAction":[{"@type":"ReadAction","target":["https:\/\/www.kurpfalz-internat.de\/es\/inscripcion-en-linea-para-la-escuela-de-verano"]}]},{"@type":"BreadcrumbList","@id":"https:\/\/www.kurpfalz-internat.de\/es\/inscripcion-en-linea-para-la-escuela-de-verano#breadcrumb","itemListElement":[{"@type":"ListItem","position":1,"name":"Startseite","item":"https:\/\/www.kurpfalz-internat.de\/es"},{"@type":"ListItem","position":2,"name":"Inscripci\u00f3n en l\u00ednea para la Escuela de Verano"}]},{"@type":"WebSite","@id":"https:\/\/www.kurpfalz-internat.de\/es#website","url":"https:\/\/www.kurpfalz-internat.de\/es","name":"Kurpfalz Internat","description":"El internado privado Kurpfalz con escuela secundaria y escuela t\u00e9cnica \u2013 para estudiantes que buscan un desaf\u00edo.","potentialAction":[{"@type":"SearchAction","target":{"@type":"EntryPoint","urlTemplate":"https:\/\/www.kurpfalz-internat.de\/es?s={search_term_string}"},"query-input":{"@type":"PropertyValueSpecification","valueRequired":true,"valueName":"search_term_string"}}],"inLanguage":"es"}]}},"block_visibility_meta":[],"_links":{"self":[{"href":"https:\/\/www.kurpfalz-internat.de\/es\/wp-json\/wp\/v2\/pages\/36390","targetHints":{"allow":["GET"]}}],"collection":[{"href":"https:\/\/www.kurpfalz-internat.de\/es\/wp-json\/wp\/v2\/pages"}],"about":[{"href":"https:\/\/www.kurpfalz-internat.de\/es\/wp-json\/wp\/v2\/types\/page"}],"author":[{"embeddable":true,"href":"https:\/\/www.kurpfalz-internat.de\/es\/wp-json\/wp\/v2\/users\/1"}],"replies":[{"embeddable":true,"href":"https:\/\/www.kurpfalz-internat.de\/es\/wp-json\/wp\/v2\/comments?post=36390"}],"version-history":[{"count":3,"href":"https:\/\/www.kurpfalz-internat.de\/es\/wp-json\/wp\/v2\/pages\/36390\/revisions"}],"predecessor-version":[{"id":48643,"href":"https:\/\/www.kurpfalz-internat.de\/es\/wp-json\/wp\/v2\/pages\/36390\/revisions\/48643"}],"wp:attachment":[{"href":"https:\/\/www.kurpfalz-internat.de\/es\/wp-json\/wp\/v2\/media?parent=36390"}],"curies":[{"name":"wp","href":"https:\/\/api.w.org\/{rel}","templated":true}]}}