{"id":30391,"date":"2025-12-04T14:58:49","date_gmt":"2025-12-04T14:58:49","guid":{"rendered":"https:\/\/www.kurpfalz-internat.de\/inscription-en-ligne-pour-lecole-dete"},"modified":"2026-01-19T13:58:35","modified_gmt":"2026-01-19T13:58:35","slug":"inscription-en-ligne-pour-lecole-dete","status":"publish","type":"page","link":"https:\/\/www.kurpfalz-internat.de\/fr\/inscription-en-ligne-pour-lecole-dete","title":{"rendered":"Inscription en ligne pour l&rsquo;\u00e9cole d&rsquo;\u00e9t\u00e9"},"content":{"rendered":"\n<h1 class=\"wp-block-heading\">Inscrivez-vous maintenant \u00e0 l&rsquo;\u00e9cole d&rsquo;\u00e9t\u00e9<\/h1>\n\n<iframe loading=\"lazy\" title=\"\u201dSummer\" school=\"\" online=\"\" anmeldung=\"\" id=\"dynamicIframe\" src=\"https:\/\/ims.kurpfalz-internat.de\/summer-school\/registration\/new\" width=\"100%\" height=\"600px\" frameborder=\"0\" allowfullscreen=\"\">\n<\/iframe>\n\n<script>\n    const iframe = document.getElementById('dynamicIframe');\n    if (iframe) {\n        function setIframeHeightByScreen() {\n            const screenWidth = window.innerWidth;\n            let newHeight;\n            if (screenWidth <= 768) {\n                newHeight = '2040px';\n            } else if (screenWidth > 768 && screenWidth <= 1199) {\n                newHeight = '1540px';\n            } else {\n                newHeight = '1140px';\n            }\n            iframe.style.height = newHeight;\n        }\n        setIframeHeightByScreen();\n        window.addEventListener('resize', setIframeHeightByScreen);\n    }\n<\/script>\n","protected":false},"excerpt":{"rendered":"<p>Inscrivez-vous maintenant \u00e0 l&rsquo;\u00e9cole d&rsquo;\u00e9t\u00e9<\/p>\n","protected":false},"author":1,"featured_media":0,"parent":0,"menu_order":0,"comment_status":"closed","ping_status":"closed","template":"","meta":{"_acf_changed":false,"footnotes":""},"class_list":["post-30391","page","type-page","status-publish"],"acf":[],"yoast_head":"<!-- This site is optimized with the Yoast SEO plugin v26.9 - https:\/\/yoast.com\/product\/yoast-seo-wordpress\/ -->\n<title>Inscription en ligne pour l&#039;\u00e9cole d&#039;\u00e9t\u00e9 - Kurpfalz Internat<\/title>\n<meta name=\"description\" content=\"Inscription en ligne pour l&#039;\u00c9cole d&#039;\u00e9t\u00e9 du Internat de Kurpfalz.\" \/>\n<meta name=\"robots\" content=\"index, follow, max-snippet:-1, max-image-preview:large, max-video-preview:-1\" \/>\n<link rel=\"canonical\" href=\"https:\/\/www.kurpfalz-internat.de\/fr\/inscription-en-ligne-pour-lecole-dete\" \/>\n<meta property=\"og:locale\" content=\"fr_FR\" \/>\n<meta property=\"og:type\" content=\"article\" \/>\n<meta property=\"og:title\" content=\"Inscription en ligne pour l&#039;\u00e9cole d&#039;\u00e9t\u00e9 - Kurpfalz Internat\" \/>\n<meta property=\"og:description\" content=\"Inscription en ligne pour l&#039;\u00c9cole d&#039;\u00e9t\u00e9 du Internat de Kurpfalz.\" \/>\n<meta property=\"og:url\" content=\"https:\/\/www.kurpfalz-internat.de\/fr\/inscription-en-ligne-pour-lecole-dete\" \/>\n<meta property=\"og:site_name\" content=\"Kurpfalz Internat\" \/>\n<meta property=\"article:modified_time\" content=\"2026-01-19T13:58:35+00:00\" \/>\n<meta name=\"twitter:card\" content=\"summary_large_image\" \/>\n<script type=\"application\/ld+json\" class=\"yoast-schema-graph\">{\"@context\":\"https:\/\/schema.org\",\"@graph\":[{\"@type\":\"WebPage\",\"@id\":\"https:\/\/www.kurpfalz-internat.de\/fr\/inscription-en-ligne-pour-lecole-dete#webpage\",\"url\":\"https:\/\/www.kurpfalz-internat.de\/fr\/inscription-en-ligne-pour-lecole-dete\",\"name\":\"Inscription en ligne pour l'\u00e9cole d'\u00e9t\u00e9 - Kurpfalz Internat\",\"isPartOf\":{\"@id\":\"https:\/\/www.kurpfalz-internat.de\/fr#website\"},\"datePublished\":\"2025-12-04T14:58:49+00:00\",\"dateModified\":\"2026-01-19T13:58:35+00:00\",\"description\":\"Inscription en ligne pour l'\u00c9cole d'\u00e9t\u00e9 du Internat de Kurpfalz.\",\"breadcrumb\":{\"@id\":\"https:\/\/www.kurpfalz-internat.de\/fr\/inscription-en-ligne-pour-lecole-dete#breadcrumb\"},\"inLanguage\":\"fr-FR\",\"potentialAction\":[{\"@type\":\"ReadAction\",\"target\":[\"https:\/\/www.kurpfalz-internat.de\/fr\/inscription-en-ligne-pour-lecole-dete\"]}]},{\"@type\":\"BreadcrumbList\",\"@id\":\"https:\/\/www.kurpfalz-internat.de\/fr\/inscription-en-ligne-pour-lecole-dete#breadcrumb\",\"itemListElement\":[{\"@type\":\"ListItem\",\"position\":1,\"name\":\"Startseite\",\"item\":\"https:\/\/www.kurpfalz-internat.de\/fr\"},{\"@type\":\"ListItem\",\"position\":2,\"name\":\"Inscription en ligne pour l&rsquo;\u00e9cole d&rsquo;\u00e9t\u00e9\"}]},{\"@type\":\"WebSite\",\"@id\":\"https:\/\/www.kurpfalz-internat.de\/fr#website\",\"url\":\"https:\/\/www.kurpfalz-internat.de\/fr\",\"name\":\"Kurpfalz Internat\",\"description\":\"Le pensionnat priv\u00e9 de Kurpfalz avec un lyc\u00e9e et un coll\u00e8ge \u2013 pour les \u00e9l\u00e8ves qui recherchent un d\u00e9fi.\",\"potentialAction\":[{\"@type\":\"SearchAction\",\"target\":{\"@type\":\"EntryPoint\",\"urlTemplate\":\"https:\/\/www.kurpfalz-internat.de\/fr?s={search_term_string}\"},\"query-input\":{\"@type\":\"PropertyValueSpecification\",\"valueRequired\":true,\"valueName\":\"search_term_string\"}}],\"inLanguage\":\"fr-FR\"}]}<\/script>\n<!-- \/ Yoast SEO plugin. -->","yoast_head_json":{"title":"Inscription en ligne pour l'\u00e9cole d'\u00e9t\u00e9 - Kurpfalz Internat","description":"Inscription en ligne pour l'\u00c9cole d'\u00e9t\u00e9 du Internat de Kurpfalz.","robots":{"index":"index","follow":"follow","max-snippet":"max-snippet:-1","max-image-preview":"max-image-preview:large","max-video-preview":"max-video-preview:-1"},"canonical":"https:\/\/www.kurpfalz-internat.de\/fr\/inscription-en-ligne-pour-lecole-dete","og_locale":"fr_FR","og_type":"article","og_title":"Inscription en ligne pour l'\u00e9cole d'\u00e9t\u00e9 - Kurpfalz Internat","og_description":"Inscription en ligne pour l'\u00c9cole d'\u00e9t\u00e9 du Internat de Kurpfalz.","og_url":"https:\/\/www.kurpfalz-internat.de\/fr\/inscription-en-ligne-pour-lecole-dete","og_site_name":"Kurpfalz Internat","article_modified_time":"2026-01-19T13:58:35+00:00","twitter_card":"summary_large_image","schema":{"@context":"https:\/\/schema.org","@graph":[{"@type":"WebPage","@id":"https:\/\/www.kurpfalz-internat.de\/fr\/inscription-en-ligne-pour-lecole-dete#webpage","url":"https:\/\/www.kurpfalz-internat.de\/fr\/inscription-en-ligne-pour-lecole-dete","name":"Inscription en ligne pour l'\u00e9cole d'\u00e9t\u00e9 - Kurpfalz Internat","isPartOf":{"@id":"https:\/\/www.kurpfalz-internat.de\/fr#website"},"datePublished":"2025-12-04T14:58:49+00:00","dateModified":"2026-01-19T13:58:35+00:00","description":"Inscription en ligne pour l'\u00c9cole d'\u00e9t\u00e9 du Internat de Kurpfalz.","breadcrumb":{"@id":"https:\/\/www.kurpfalz-internat.de\/fr\/inscription-en-ligne-pour-lecole-dete#breadcrumb"},"inLanguage":"fr-FR","potentialAction":[{"@type":"ReadAction","target":["https:\/\/www.kurpfalz-internat.de\/fr\/inscription-en-ligne-pour-lecole-dete"]}]},{"@type":"BreadcrumbList","@id":"https:\/\/www.kurpfalz-internat.de\/fr\/inscription-en-ligne-pour-lecole-dete#breadcrumb","itemListElement":[{"@type":"ListItem","position":1,"name":"Startseite","item":"https:\/\/www.kurpfalz-internat.de\/fr"},{"@type":"ListItem","position":2,"name":"Inscription en ligne pour l&rsquo;\u00e9cole d&rsquo;\u00e9t\u00e9"}]},{"@type":"WebSite","@id":"https:\/\/www.kurpfalz-internat.de\/fr#website","url":"https:\/\/www.kurpfalz-internat.de\/fr","name":"Kurpfalz Internat","description":"Le pensionnat priv\u00e9 de Kurpfalz avec un lyc\u00e9e et un coll\u00e8ge \u2013 pour les \u00e9l\u00e8ves qui recherchent un d\u00e9fi.","potentialAction":[{"@type":"SearchAction","target":{"@type":"EntryPoint","urlTemplate":"https:\/\/www.kurpfalz-internat.de\/fr?s={search_term_string}"},"query-input":{"@type":"PropertyValueSpecification","valueRequired":true,"valueName":"search_term_string"}}],"inLanguage":"fr-FR"}]}},"block_visibility_meta":[],"_links":{"self":[{"href":"https:\/\/www.kurpfalz-internat.de\/fr\/wp-json\/wp\/v2\/pages\/30391","targetHints":{"allow":["GET"]}}],"collection":[{"href":"https:\/\/www.kurpfalz-internat.de\/fr\/wp-json\/wp\/v2\/pages"}],"about":[{"href":"https:\/\/www.kurpfalz-internat.de\/fr\/wp-json\/wp\/v2\/types\/page"}],"author":[{"embeddable":true,"href":"https:\/\/www.kurpfalz-internat.de\/fr\/wp-json\/wp\/v2\/users\/1"}],"replies":[{"embeddable":true,"href":"https:\/\/www.kurpfalz-internat.de\/fr\/wp-json\/wp\/v2\/comments?post=30391"}],"version-history":[{"count":3,"href":"https:\/\/www.kurpfalz-internat.de\/fr\/wp-json\/wp\/v2\/pages\/30391\/revisions"}],"predecessor-version":[{"id":48639,"href":"https:\/\/www.kurpfalz-internat.de\/fr\/wp-json\/wp\/v2\/pages\/30391\/revisions\/48639"}],"wp:attachment":[{"href":"https:\/\/www.kurpfalz-internat.de\/fr\/wp-json\/wp\/v2\/media?parent=30391"}],"curies":[{"name":"wp","href":"https:\/\/api.w.org\/{rel}","templated":true}]}}