{"id":48977,"date":"2015-10-28T11:51:18","date_gmt":"2015-10-28T11:51:18","guid":{"rendered":"https:\/\/www.kurpfalz-internat.de\/mentions-legales"},"modified":"2026-01-20T09:16:30","modified_gmt":"2026-01-20T09:16:30","slug":"mentions-legales","status":"publish","type":"page","link":"https:\/\/www.kurpfalz-internat.de\/fr\/mentions-legales","title":{"rendered":"Mentions l\u00e9gales"},"content":{"rendered":"\n<h1 class=\"wp-block-heading\">Mentions l\u00e9gales<\/h1>\n\n<div  class=\"two-columns-block\">\n    <div class=\"column-first align-items-center\">\n                    <p>Kurpfalz-Internat<br \/>\ngemeinn\u00fctzige BetriebsGmbH<br \/>\nDiersteinstr. 1-7<br \/>\n69245 Bammental <\/p>\n<p>Telefon: <a href=\"tel:+4962239610\">06223\/961-0<\/a><br \/>\nTelefax: 06223\/49467<\/p>\n<p>E-Mail : <a href=\"mailto:sekretariat@kurpfalz-internat.de\">sekretariat@kurpfalz-internat.de<\/a><\/p>\n<p><strong>Vertreten durch die Gesch\u00e4ftsf\u00fchrer:<\/strong><\/p>\n<p>Mario Lehmann und Helge Lehmann<\/p>\n<p><strong>Copyright:<\/strong><\/p>\n<p>Die auf diesen Internetseiten enthaltenen Inhalte sind urheberrechtlich gesch\u00fctzt. Das Herunterladen s\u00e4mtlicher Inhalte ist ausschlie\u00dflich zu nicht kommerziellen Zwecken nach vorheriger Genehmigung durch die Gesch\u00e4ftsf\u00fchrung gestattet. <\/p>\n<p><strong>Gew\u00e4hrleistung:<\/strong><\/p>\n<p>Die Texte auf unseren Internetseiten werden mit gr\u00f6\u00dfter Sorgfalt erstellt. Das Kurpfalz-Internat \u00fcbernimmt keine Gew\u00e4hr f\u00fcr ihre Vollst\u00e4ndigkeit und Richtigkeit. \u00c4nderungen sind vorbehalten.  <\/p>\n<p><strong>Links:<\/strong><\/p>\n<p>Links auf andere Internetseiten haben lediglich informativen Charakter. Das Kurpfalz-Internat \u00fcbernimmt keine Haftung f\u00fcr deren Inhalt oder Rechtm\u00e4\u00dfigkeit. <\/p>\n                        <\/div>\n\n    <div class=\"column-second\">\n                    <h3>Fotografien<\/h3>\n<p>Nikola Kuzmani\u0107, Berlin<br \/>\nHalil Kacemer, Heidelberg<br \/>\nGudrun Holde-Ortner, Heidelberg<br \/>\nund andere<\/p>\n<h3>Design (UI\/UX, Illustrationen, Icons &amp; Kartendesign) &amp; Website-Entwicklung<\/h3>\n<p><a href=\"https:\/\/4eck-media.de\/\">Agentur f\u00fcr Webdesign &amp; WordPress-Entwicklung<\/a><br \/>\n4eck Media GmbH &amp; Co. KG<br \/>\nPapenbergstr. 43<br \/>\n17192 Waren (M\u00fcritz) <\/p>\n                            <\/div>\n<\/div>\n","protected":false},"excerpt":{"rendered":"<p>Mentions l\u00e9gales<\/p>\n","protected":false},"author":1,"featured_media":0,"parent":0,"menu_order":0,"comment_status":"closed","ping_status":"closed","template":"","meta":{"_acf_changed":false,"footnotes":""},"class_list":["post-48977","page","type-page","status-publish"],"acf":[],"yoast_head":"<!-- This site is optimized with the Yoast SEO plugin v26.9 - https:\/\/yoast.com\/product\/yoast-seo-wordpress\/ -->\n<title>Mentions l\u00e9gales - Kurpfalz Internat<\/title>\n<meta name=\"robots\" content=\"noindex, nofollow\" \/>\n<meta property=\"og:locale\" content=\"fr_FR\" \/>\n<meta property=\"og:type\" content=\"article\" \/>\n<meta property=\"og:title\" content=\"Mentions l\u00e9gales - Kurpfalz Internat\" \/>\n<meta property=\"og:description\" content=\"Mentions l\u00e9gales\" \/>\n<meta property=\"og:url\" content=\"https:\/\/www.kurpfalz-internat.de\/fr\/mentions-legales\" \/>\n<meta property=\"og:site_name\" content=\"Kurpfalz Internat\" \/>\n<meta property=\"article:modified_time\" content=\"2026-01-20T09:16:30+00:00\" \/>\n<meta name=\"twitter:card\" content=\"summary_large_image\" \/>\n<script type=\"application\/ld+json\" class=\"yoast-schema-graph\">{\"@context\":\"https:\/\/schema.org\",\"@graph\":[{\"@type\":\"WebPage\",\"@id\":\"https:\/\/www.kurpfalz-internat.de\/fr\/mentions-legales#webpage\",\"url\":\"https:\/\/www.kurpfalz-internat.de\/fr\/mentions-legales\",\"name\":\"Mentions l\u00e9gales - Kurpfalz Internat\",\"isPartOf\":{\"@id\":\"https:\/\/www.kurpfalz-internat.de\/fr#website\"},\"datePublished\":\"2015-10-28T11:51:18+00:00\",\"dateModified\":\"2026-01-20T09:16:30+00:00\",\"breadcrumb\":{\"@id\":\"https:\/\/www.kurpfalz-internat.de\/fr\/mentions-legales#breadcrumb\"},\"inLanguage\":\"fr-FR\",\"potentialAction\":[{\"@type\":\"ReadAction\",\"target\":[\"https:\/\/www.kurpfalz-internat.de\/fr\/mentions-legales\"]}]},{\"@type\":\"BreadcrumbList\",\"@id\":\"https:\/\/www.kurpfalz-internat.de\/fr\/mentions-legales#breadcrumb\",\"itemListElement\":[{\"@type\":\"ListItem\",\"position\":1,\"name\":\"Startseite\",\"item\":\"https:\/\/www.kurpfalz-internat.de\/fr\"},{\"@type\":\"ListItem\",\"position\":2,\"name\":\"Mentions l\u00e9gales\"}]},{\"@type\":\"WebSite\",\"@id\":\"https:\/\/www.kurpfalz-internat.de\/fr#website\",\"url\":\"https:\/\/www.kurpfalz-internat.de\/fr\",\"name\":\"Kurpfalz Internat\",\"description\":\"Le pensionnat priv\u00e9 de Kurpfalz avec un lyc\u00e9e et un coll\u00e8ge \u2013 pour les \u00e9l\u00e8ves qui recherchent un d\u00e9fi.\",\"potentialAction\":[{\"@type\":\"SearchAction\",\"target\":{\"@type\":\"EntryPoint\",\"urlTemplate\":\"https:\/\/www.kurpfalz-internat.de\/fr?s={search_term_string}\"},\"query-input\":{\"@type\":\"PropertyValueSpecification\",\"valueRequired\":true,\"valueName\":\"search_term_string\"}}],\"inLanguage\":\"fr-FR\"}]}<\/script>\n<!-- \/ Yoast SEO plugin. -->","yoast_head_json":{"title":"Mentions l\u00e9gales - Kurpfalz Internat","robots":{"index":"noindex","follow":"nofollow"},"og_locale":"fr_FR","og_type":"article","og_title":"Mentions l\u00e9gales - Kurpfalz Internat","og_description":"Mentions l\u00e9gales","og_url":"https:\/\/www.kurpfalz-internat.de\/fr\/mentions-legales","og_site_name":"Kurpfalz Internat","article_modified_time":"2026-01-20T09:16:30+00:00","twitter_card":"summary_large_image","schema":{"@context":"https:\/\/schema.org","@graph":[{"@type":"WebPage","@id":"https:\/\/www.kurpfalz-internat.de\/fr\/mentions-legales#webpage","url":"https:\/\/www.kurpfalz-internat.de\/fr\/mentions-legales","name":"Mentions l\u00e9gales - Kurpfalz Internat","isPartOf":{"@id":"https:\/\/www.kurpfalz-internat.de\/fr#website"},"datePublished":"2015-10-28T11:51:18+00:00","dateModified":"2026-01-20T09:16:30+00:00","breadcrumb":{"@id":"https:\/\/www.kurpfalz-internat.de\/fr\/mentions-legales#breadcrumb"},"inLanguage":"fr-FR","potentialAction":[{"@type":"ReadAction","target":["https:\/\/www.kurpfalz-internat.de\/fr\/mentions-legales"]}]},{"@type":"BreadcrumbList","@id":"https:\/\/www.kurpfalz-internat.de\/fr\/mentions-legales#breadcrumb","itemListElement":[{"@type":"ListItem","position":1,"name":"Startseite","item":"https:\/\/www.kurpfalz-internat.de\/fr"},{"@type":"ListItem","position":2,"name":"Mentions l\u00e9gales"}]},{"@type":"WebSite","@id":"https:\/\/www.kurpfalz-internat.de\/fr#website","url":"https:\/\/www.kurpfalz-internat.de\/fr","name":"Kurpfalz Internat","description":"Le pensionnat priv\u00e9 de Kurpfalz avec un lyc\u00e9e et un coll\u00e8ge \u2013 pour les \u00e9l\u00e8ves qui recherchent un d\u00e9fi.","potentialAction":[{"@type":"SearchAction","target":{"@type":"EntryPoint","urlTemplate":"https:\/\/www.kurpfalz-internat.de\/fr?s={search_term_string}"},"query-input":{"@type":"PropertyValueSpecification","valueRequired":true,"valueName":"search_term_string"}}],"inLanguage":"fr-FR"}]}},"block_visibility_meta":[],"_links":{"self":[{"href":"https:\/\/www.kurpfalz-internat.de\/fr\/wp-json\/wp\/v2\/pages\/48977","targetHints":{"allow":["GET"]}}],"collection":[{"href":"https:\/\/www.kurpfalz-internat.de\/fr\/wp-json\/wp\/v2\/pages"}],"about":[{"href":"https:\/\/www.kurpfalz-internat.de\/fr\/wp-json\/wp\/v2\/types\/page"}],"author":[{"embeddable":true,"href":"https:\/\/www.kurpfalz-internat.de\/fr\/wp-json\/wp\/v2\/users\/1"}],"replies":[{"embeddable":true,"href":"https:\/\/www.kurpfalz-internat.de\/fr\/wp-json\/wp\/v2\/comments?post=48977"}],"version-history":[{"count":3,"href":"https:\/\/www.kurpfalz-internat.de\/fr\/wp-json\/wp\/v2\/pages\/48977\/revisions"}],"predecessor-version":[{"id":48986,"href":"https:\/\/www.kurpfalz-internat.de\/fr\/wp-json\/wp\/v2\/pages\/48977\/revisions\/48986"}],"wp:attachment":[{"href":"https:\/\/www.kurpfalz-internat.de\/fr\/wp-json\/wp\/v2\/media?parent=48977"}],"curies":[{"name":"wp","href":"https:\/\/api.w.org\/{rel}","templated":true}]}}