{"id":48979,"date":"2015-10-28T11:51:18","date_gmt":"2015-10-28T11:51:18","guid":{"rendered":"https:\/\/www.kurpfalz-internat.de\/yuridicheskaya-informacziya"},"modified":"2026-01-20T09:15:16","modified_gmt":"2026-01-20T09:15:16","slug":"yuridicheskaya-informacziya","status":"publish","type":"page","link":"https:\/\/www.kurpfalz-internat.de\/ru\/yuridicheskaya-informacziya","title":{"rendered":"\u042e\u0440\u0438\u0434\u0438\u0447\u0435\u0441\u043a\u0430\u044f \u0438\u043d\u0444\u043e\u0440\u043c\u0430\u0446\u0438\u044f"},"content":{"rendered":"\n<h1 class=\"wp-block-heading\">\u042e\u0440\u0438\u0434\u0438\u0447\u0435\u0441\u043a\u0430\u044f \u0438\u043d\u0444\u043e\u0440\u043c\u0430\u0446\u0438\u044f<\/h1>\n\n<div  class=\"two-columns-block\">\n    <div class=\"column-first align-items-center\">\n                    <p>Kurpfalz-Internat<br \/>\ngemeinn\u00fctzige BetriebsGmbH<br \/>\nDiersteinstr. 1-7<br \/>\n69245 Bammental <\/p>\n<p>Telefon: <a href=\"tel:+4962239610\">06223\/961-0<\/a><br \/>\nTelefax: 06223\/49467<\/p>\n<p>E-Mail: <a href=\"mailto:sekretariat@kurpfalz-internat.de\">sekretariat@kurpfalz-internat.de<\/a><\/p>\n<p><strong>Vertreten durch die Gesch\u00e4ftsf\u00fchrer:<\/strong><\/p>\n<p>Mario Lehmann und Helge Lehmann<\/p>\n<p><strong>Copyright:<\/strong><\/p>\n<p>Die auf diesen Internetseiten enthaltenen Inhalte sind urheberrechtlich gesch\u00fctzt. Das Herunterladen s\u00e4mtlicher Inhalte ist ausschlie\u00dflich zu nicht kommerziellen Zwecken nach vorheriger Genehmigung durch die Gesch\u00e4ftsf\u00fchrung gestattet. <\/p>\n<p><strong>Gew\u00e4hrleistung:<\/strong><\/p>\n<p>Die Texte auf unseren Internetseiten werden mit gr\u00f6\u00dfter Sorgfalt erstellt. Das Kurpfalz-Internat \u00fcbernimmt keine Gew\u00e4hr f\u00fcr ihre Vollst\u00e4ndigkeit und Richtigkeit. \u00c4nderungen sind vorbehalten.  <\/p>\n<p><strong>Links:<\/strong><\/p>\n<p>Links auf andere Internetseiten haben lediglich informativen Charakter. Das Kurpfalz-Internat \u00fcbernimmt keine Haftung f\u00fcr deren Inhalt oder Rechtm\u00e4\u00dfigkeit. <\/p>\n                        <\/div>\n\n    <div class=\"column-second\">\n                    <h3>Fotografien<\/h3>\n<p>Nikola Kuzmani\u0107, Berlin<br \/>\nHalil Kacemer, Heidelberg<br \/>\nGudrun Holde-Ortner, Heidelberg<br \/>\nund andere<\/p>\n<h3>Design (UI\/UX, Illustrationen, Icons &amp; Kartendesign) &amp; Website-Entwicklung<\/h3>\n<p><a href=\"https:\/\/4eck-media.de\/\">Agentur f\u00fcr Webdesign &amp; WordPress-Entwicklung<\/a><br \/>\n4eck Media GmbH &amp; Co. KG<br \/>\nPapenbergstr. 43<br \/>\n17192 Waren (M\u00fcritz) <\/p>\n                            <\/div>\n<\/div>\n","protected":false},"excerpt":{"rendered":"<p>\u042e\u0440\u0438\u0434\u0438\u0447\u0435\u0441\u043a\u0430\u044f \u0438\u043d\u0444\u043e\u0440\u043c\u0430\u0446\u0438\u044f<\/p>\n","protected":false},"author":1,"featured_media":0,"parent":0,"menu_order":0,"comment_status":"closed","ping_status":"closed","template":"","meta":{"_acf_changed":false,"footnotes":""},"class_list":["post-48979","page","type-page","status-publish"],"acf":[],"yoast_head":"<!-- This site is optimized with the Yoast SEO plugin v26.9 - https:\/\/yoast.com\/product\/yoast-seo-wordpress\/ -->\n<title>\u042e\u0440\u0438\u0434\u0438\u0447\u0435\u0441\u043a\u0430\u044f \u0438\u043d\u0444\u043e\u0440\u043c\u0430\u0446\u0438\u044f - Kurpfalz Internat<\/title>\n<meta name=\"robots\" content=\"noindex, nofollow\" \/>\n<meta property=\"og:locale\" content=\"ru_RU\" \/>\n<meta property=\"og:type\" content=\"article\" \/>\n<meta property=\"og:title\" content=\"\u042e\u0440\u0438\u0434\u0438\u0447\u0435\u0441\u043a\u0430\u044f \u0438\u043d\u0444\u043e\u0440\u043c\u0430\u0446\u0438\u044f - Kurpfalz Internat\" \/>\n<meta property=\"og:description\" content=\"\u042e\u0440\u0438\u0434\u0438\u0447\u0435\u0441\u043a\u0430\u044f \u0438\u043d\u0444\u043e\u0440\u043c\u0430\u0446\u0438\u044f\" \/>\n<meta property=\"og:url\" content=\"https:\/\/www.kurpfalz-internat.de\/ru\/yuridicheskaya-informacziya\" \/>\n<meta property=\"og:site_name\" content=\"Kurpfalz Internat\" \/>\n<meta property=\"article:modified_time\" content=\"2026-01-20T09:15:16+00:00\" \/>\n<meta name=\"twitter:card\" content=\"summary_large_image\" \/>\n<script type=\"application\/ld+json\" class=\"yoast-schema-graph\">{\"@context\":\"https:\/\/schema.org\",\"@graph\":[{\"@type\":\"WebPage\",\"@id\":\"https:\/\/www.kurpfalz-internat.de\/ru\/yuridicheskaya-informacziya#webpage\",\"url\":\"https:\/\/www.kurpfalz-internat.de\/ru\/yuridicheskaya-informacziya\",\"name\":\"\u042e\u0440\u0438\u0434\u0438\u0447\u0435\u0441\u043a\u0430\u044f \u0438\u043d\u0444\u043e\u0440\u043c\u0430\u0446\u0438\u044f - Kurpfalz Internat\",\"isPartOf\":{\"@id\":\"https:\/\/www.kurpfalz-internat.de\/ru#website\"},\"datePublished\":\"2015-10-28T11:51:18+00:00\",\"dateModified\":\"2026-01-20T09:15:16+00:00\",\"breadcrumb\":{\"@id\":\"https:\/\/www.kurpfalz-internat.de\/ru\/yuridicheskaya-informacziya#breadcrumb\"},\"inLanguage\":\"ru-RU\",\"potentialAction\":[{\"@type\":\"ReadAction\",\"target\":[\"https:\/\/www.kurpfalz-internat.de\/ru\/yuridicheskaya-informacziya\"]}]},{\"@type\":\"BreadcrumbList\",\"@id\":\"https:\/\/www.kurpfalz-internat.de\/ru\/yuridicheskaya-informacziya#breadcrumb\",\"itemListElement\":[{\"@type\":\"ListItem\",\"position\":1,\"name\":\"Startseite\",\"item\":\"https:\/\/www.kurpfalz-internat.de\/ru\"},{\"@type\":\"ListItem\",\"position\":2,\"name\":\"\u042e\u0440\u0438\u0434\u0438\u0447\u0435\u0441\u043a\u0430\u044f \u0438\u043d\u0444\u043e\u0440\u043c\u0430\u0446\u0438\u044f\"}]},{\"@type\":\"WebSite\",\"@id\":\"https:\/\/www.kurpfalz-internat.de\/ru#website\",\"url\":\"https:\/\/www.kurpfalz-internat.de\/ru\",\"name\":\"Kurpfalz Internat\",\"description\":\"\u0427\u0430\u0441\u0442\u043d\u044b\u0439 \u0438\u043d\u0442\u0435\u0440\u043d\u0430\u0442 \u041a\u0443\u0440\u043f\u0444\u0430\u043b\u044c\u0446 \u0441 \u0433\u0438\u043c\u043d\u0430\u0437\u0438\u0435\u0439 \u0438 \u0440\u0435\u0430\u043b\u044c\u043d\u043e\u0439 \u0448\u043a\u043e\u043b\u043e\u0439 \u2013 \u0434\u043b\u044f \u0443\u0447\u0435\u043d\u0438\u043a\u043e\u0432, \u0438\u0449\u0443\u0449\u0438\u0445 \u0432\u044b\u0437\u043e\u0432.\",\"potentialAction\":[{\"@type\":\"SearchAction\",\"target\":{\"@type\":\"EntryPoint\",\"urlTemplate\":\"https:\/\/www.kurpfalz-internat.de\/ru?s={search_term_string}\"},\"query-input\":{\"@type\":\"PropertyValueSpecification\",\"valueRequired\":true,\"valueName\":\"search_term_string\"}}],\"inLanguage\":\"ru-RU\"}]}<\/script>\n<!-- \/ Yoast SEO plugin. -->","yoast_head_json":{"title":"\u042e\u0440\u0438\u0434\u0438\u0447\u0435\u0441\u043a\u0430\u044f \u0438\u043d\u0444\u043e\u0440\u043c\u0430\u0446\u0438\u044f - Kurpfalz Internat","robots":{"index":"noindex","follow":"nofollow"},"og_locale":"ru_RU","og_type":"article","og_title":"\u042e\u0440\u0438\u0434\u0438\u0447\u0435\u0441\u043a\u0430\u044f \u0438\u043d\u0444\u043e\u0440\u043c\u0430\u0446\u0438\u044f - Kurpfalz Internat","og_description":"\u042e\u0440\u0438\u0434\u0438\u0447\u0435\u0441\u043a\u0430\u044f \u0438\u043d\u0444\u043e\u0440\u043c\u0430\u0446\u0438\u044f","og_url":"https:\/\/www.kurpfalz-internat.de\/ru\/yuridicheskaya-informacziya","og_site_name":"Kurpfalz Internat","article_modified_time":"2026-01-20T09:15:16+00:00","twitter_card":"summary_large_image","schema":{"@context":"https:\/\/schema.org","@graph":[{"@type":"WebPage","@id":"https:\/\/www.kurpfalz-internat.de\/ru\/yuridicheskaya-informacziya#webpage","url":"https:\/\/www.kurpfalz-internat.de\/ru\/yuridicheskaya-informacziya","name":"\u042e\u0440\u0438\u0434\u0438\u0447\u0435\u0441\u043a\u0430\u044f \u0438\u043d\u0444\u043e\u0440\u043c\u0430\u0446\u0438\u044f - Kurpfalz Internat","isPartOf":{"@id":"https:\/\/www.kurpfalz-internat.de\/ru#website"},"datePublished":"2015-10-28T11:51:18+00:00","dateModified":"2026-01-20T09:15:16+00:00","breadcrumb":{"@id":"https:\/\/www.kurpfalz-internat.de\/ru\/yuridicheskaya-informacziya#breadcrumb"},"inLanguage":"ru-RU","potentialAction":[{"@type":"ReadAction","target":["https:\/\/www.kurpfalz-internat.de\/ru\/yuridicheskaya-informacziya"]}]},{"@type":"BreadcrumbList","@id":"https:\/\/www.kurpfalz-internat.de\/ru\/yuridicheskaya-informacziya#breadcrumb","itemListElement":[{"@type":"ListItem","position":1,"name":"Startseite","item":"https:\/\/www.kurpfalz-internat.de\/ru"},{"@type":"ListItem","position":2,"name":"\u042e\u0440\u0438\u0434\u0438\u0447\u0435\u0441\u043a\u0430\u044f \u0438\u043d\u0444\u043e\u0440\u043c\u0430\u0446\u0438\u044f"}]},{"@type":"WebSite","@id":"https:\/\/www.kurpfalz-internat.de\/ru#website","url":"https:\/\/www.kurpfalz-internat.de\/ru","name":"Kurpfalz Internat","description":"\u0427\u0430\u0441\u0442\u043d\u044b\u0439 \u0438\u043d\u0442\u0435\u0440\u043d\u0430\u0442 \u041a\u0443\u0440\u043f\u0444\u0430\u043b\u044c\u0446 \u0441 \u0433\u0438\u043c\u043d\u0430\u0437\u0438\u0435\u0439 \u0438 \u0440\u0435\u0430\u043b\u044c\u043d\u043e\u0439 \u0448\u043a\u043e\u043b\u043e\u0439 \u2013 \u0434\u043b\u044f \u0443\u0447\u0435\u043d\u0438\u043a\u043e\u0432, \u0438\u0449\u0443\u0449\u0438\u0445 \u0432\u044b\u0437\u043e\u0432.","potentialAction":[{"@type":"SearchAction","target":{"@type":"EntryPoint","urlTemplate":"https:\/\/www.kurpfalz-internat.de\/ru?s={search_term_string}"},"query-input":{"@type":"PropertyValueSpecification","valueRequired":true,"valueName":"search_term_string"}}],"inLanguage":"ru-RU"}]}},"block_visibility_meta":[],"_links":{"self":[{"href":"https:\/\/www.kurpfalz-internat.de\/ru\/wp-json\/wp\/v2\/pages\/48979","targetHints":{"allow":["GET"]}}],"collection":[{"href":"https:\/\/www.kurpfalz-internat.de\/ru\/wp-json\/wp\/v2\/pages"}],"about":[{"href":"https:\/\/www.kurpfalz-internat.de\/ru\/wp-json\/wp\/v2\/types\/page"}],"author":[{"embeddable":true,"href":"https:\/\/www.kurpfalz-internat.de\/ru\/wp-json\/wp\/v2\/users\/1"}],"replies":[{"embeddable":true,"href":"https:\/\/www.kurpfalz-internat.de\/ru\/wp-json\/wp\/v2\/comments?post=48979"}],"version-history":[{"count":1,"href":"https:\/\/www.kurpfalz-internat.de\/ru\/wp-json\/wp\/v2\/pages\/48979\/revisions"}],"predecessor-version":[{"id":48980,"href":"https:\/\/www.kurpfalz-internat.de\/ru\/wp-json\/wp\/v2\/pages\/48979\/revisions\/48980"}],"wp:attachment":[{"href":"https:\/\/www.kurpfalz-internat.de\/ru\/wp-json\/wp\/v2\/media?parent=48979"}],"curies":[{"name":"wp","href":"https:\/\/api.w.org\/{rel}","templated":true}]}}