{"id":49082,"date":"2025-08-28T12:03:34","date_gmt":"2025-08-28T12:03:34","guid":{"rendered":"https:\/\/www.kurpfalz-internat.de\/dostupnost"},"modified":"2026-01-20T10:04:31","modified_gmt":"2026-01-20T10:04:31","slug":"dostupnost","status":"publish","type":"page","link":"https:\/\/www.kurpfalz-internat.de\/ru\/dostupnost","title":{"rendered":"\u0414\u043e\u0441\u0442\u0443\u043f\u043d\u043e\u0441\u0442\u044c"},"content":{"rendered":"\n<h1 class=\"wp-block-heading\">Erkl\u00e4rung zur Barrierefreiheit<\/h1>\n\n<p><strong>Kurpfalz-Internat gemeinn\u00fctzige BetriebsGmbH<\/strong> ist bem\u00fcht, die Website www.kurpfalz-internat.de im Einklang mit den nationalen Rechtsvorschriften zur Umsetzung der Richtlinie (EU) 2016\/2102 barrierefrei zug\u00e4nglich zu machen.<br\/>Diese Erkl\u00e4rung zur Barrierefreiheit gilt f\u00fcr www.kurpfalz-internat.de.<\/p>\n\n<h2 class=\"wp-block-heading\">Aktueller Stand zur Barrierefreiheit<\/h2>\n\n<p>Die Website www.kurpfalz-internat.de ist barrierefrei nach Anforderungen der WCAG 2.1 AA.<br\/>Unsere Videos haben keine Untertitel. Diese sind teilweise aktivierbar, sofern diese \u00fcber YouTube oder Vimeo eingebunden sind, was f\u00fcr einen Teil unserer Videos der Fall ist. Ein Teil der eingebundenen PDF-Dateien ist aktuell nicht barrierefrei. Wir bem\u00fchen uns, eine angepasste Version oder barrierefreie Alternativen in K\u00fcrze zur Verf\u00fcgung zu stellen. Teilen Sie uns mit, falls Sie eine bestimmte PDF-Datei ben\u00f6tigen, die bisher nicht barrierefrei zur Verf\u00fcgung steht. Wir helfen gern.     <\/p>\n\n<h2 class=\"wp-block-heading\">Datum und Methode<\/h2>\n\n<p>Diese Erkl\u00e4rung wurde am 08.12.2025 zuletzt \u00fcberpr\u00fcft und aktualisiert.<br\/>Die zur Erstellung der Erkl\u00e4rung verwendete Methode war eine Analyse der Seiten mit zwei verschiedenen Analyse-Tools, inklusive eines manuellen Tests der Screenreader-Nutzbarkeit. Hierzu liegt auch ein Zertifikat vor. Getestet wurde mit dem Browser Chrome.  <\/p>\n\n<h2 class=\"wp-block-heading\">Feedback und Kontakt<\/h2>\n\n<p>\u00dcber unsere E-Mail-Adresse <a href=\"mailto:m.lehmann@kurpfalz-internat.de\">m.lehmann@kurpfalz-internat.de<\/a> k\u00f6nnen Sie uns Feedback zu einer von Ihnen neu entdeckten Barriere melden.<br\/>Zust\u00e4ndig f\u00fcr die Zug\u00e4nglichkeit unserer Website ist Mario Lehmann (Gesch\u00e4ftsf\u00fchrer).<\/p>\n\n<h2 class=\"wp-block-heading\">Durchsetzungsverfahren<\/h2>\n\n<p>Sollten Sie unzufrieden sein, etwa aufgrund unserer Kommunikation, k\u00f6nnen Sie sich an die Schlichtungsstelle des Landeszentrums Barrierefreiheit (LZ-BARR) wenden. Die Schlichtungsstelle erreichen Sie wie folgt: <\/p>\n\n<p>Landeszentrum Barrierefreiheit<br\/>Schlichtungsstelle<br\/>Else-Josenhans-Stra\u00dfe 6<br\/>70173 Stuttgart<br\/>Telefon: 0711 123 39375<br\/>E-Mail: <a href=\"mailto:schlichtung@barrierefreiheit.bwl.de\">schlichtung@barrierefreiheit.bwl.de<\/a><br\/>Webseite: <a href=\"https:\/\/barrierefreiheit-bw.de\/\">https:\/\/barrierefreiheit-bw.de\/<\/a><\/p>\n\n<p>Das Schlichtungsverfahren ist unentgeltlich.<\/p>\n","protected":false},"excerpt":{"rendered":"<p>Erkl\u00e4rung zur Barrierefreiheit Kurpfalz-Internat gemeinn\u00fctzige BetriebsGmbH ist bem\u00fcht, die Website www.kurpfalz-internat.de im Einklang mit den nationalen Rechtsvorschriften zur Umsetzung der Richtlinie (EU) [&hellip;]<\/p>\n","protected":false},"author":1,"featured_media":0,"parent":0,"menu_order":0,"comment_status":"closed","ping_status":"closed","template":"","meta":{"_acf_changed":false,"footnotes":""},"class_list":["post-49082","page","type-page","status-publish"],"acf":[],"yoast_head":"<!-- This site is optimized with the Yoast SEO plugin v26.9 - https:\/\/yoast.com\/product\/yoast-seo-wordpress\/ -->\n<title>\u0414\u043e\u0441\u0442\u0443\u043f\u043d\u043e\u0441\u0442\u044c - Kurpfalz Internat<\/title>\n<meta name=\"robots\" content=\"noindex, nofollow\" \/>\n<meta property=\"og:locale\" content=\"ru_RU\" \/>\n<meta property=\"og:type\" content=\"article\" \/>\n<meta property=\"og:title\" content=\"\u0414\u043e\u0441\u0442\u0443\u043f\u043d\u043e\u0441\u0442\u044c - Kurpfalz Internat\" \/>\n<meta property=\"og:description\" content=\"Erkl\u00e4rung zur Barrierefreiheit Kurpfalz-Internat gemeinn\u00fctzige BetriebsGmbH ist bem\u00fcht, die Website www.kurpfalz-internat.de im Einklang mit den nationalen Rechtsvorschriften zur Umsetzung der Richtlinie (EU) [&hellip;]\" \/>\n<meta property=\"og:url\" content=\"https:\/\/www.kurpfalz-internat.de\/ru\/dostupnost\" \/>\n<meta property=\"og:site_name\" content=\"Kurpfalz Internat\" \/>\n<meta property=\"article:modified_time\" content=\"2026-01-20T10:04:31+00:00\" \/>\n<meta name=\"twitter:card\" content=\"summary_large_image\" \/>\n<meta name=\"twitter:label1\" content=\"\u041f\u0440\u0438\u043c\u0435\u0440\u043d\u043e\u0435 \u0432\u0440\u0435\u043c\u044f \u0434\u043b\u044f \u0447\u0442\u0435\u043d\u0438\u044f\" \/>\n\t<meta name=\"twitter:data1\" content=\"1 \u043c\u0438\u043d\u0443\u0442\u0430\" \/>\n<script type=\"application\/ld+json\" class=\"yoast-schema-graph\">{\"@context\":\"https:\/\/schema.org\",\"@graph\":[{\"@type\":\"WebPage\",\"@id\":\"https:\/\/www.kurpfalz-internat.de\/ru\/dostupnost#webpage\",\"url\":\"https:\/\/www.kurpfalz-internat.de\/ru\/dostupnost\",\"name\":\"\u0414\u043e\u0441\u0442\u0443\u043f\u043d\u043e\u0441\u0442\u044c - Kurpfalz Internat\",\"isPartOf\":{\"@id\":\"https:\/\/www.kurpfalz-internat.de\/ru#website\"},\"datePublished\":\"2025-08-28T12:03:34+00:00\",\"dateModified\":\"2026-01-20T10:04:31+00:00\",\"breadcrumb\":{\"@id\":\"https:\/\/www.kurpfalz-internat.de\/ru\/dostupnost#breadcrumb\"},\"inLanguage\":\"ru-RU\",\"potentialAction\":[{\"@type\":\"ReadAction\",\"target\":[\"https:\/\/www.kurpfalz-internat.de\/ru\/dostupnost\"]}]},{\"@type\":\"BreadcrumbList\",\"@id\":\"https:\/\/www.kurpfalz-internat.de\/ru\/dostupnost#breadcrumb\",\"itemListElement\":[{\"@type\":\"ListItem\",\"position\":1,\"name\":\"Startseite\",\"item\":\"https:\/\/www.kurpfalz-internat.de\/ru\"},{\"@type\":\"ListItem\",\"position\":2,\"name\":\"\u0414\u043e\u0441\u0442\u0443\u043f\u043d\u043e\u0441\u0442\u044c\"}]},{\"@type\":\"WebSite\",\"@id\":\"https:\/\/www.kurpfalz-internat.de\/ru#website\",\"url\":\"https:\/\/www.kurpfalz-internat.de\/ru\",\"name\":\"Kurpfalz Internat\",\"description\":\"\u0427\u0430\u0441\u0442\u043d\u044b\u0439 \u0438\u043d\u0442\u0435\u0440\u043d\u0430\u0442 \u041a\u0443\u0440\u043f\u0444\u0430\u043b\u044c\u0446 \u0441 \u0433\u0438\u043c\u043d\u0430\u0437\u0438\u0435\u0439 \u0438 \u0440\u0435\u0430\u043b\u044c\u043d\u043e\u0439 \u0448\u043a\u043e\u043b\u043e\u0439 \u2013 \u0434\u043b\u044f \u0443\u0447\u0435\u043d\u0438\u043a\u043e\u0432, \u0438\u0449\u0443\u0449\u0438\u0445 \u0432\u044b\u0437\u043e\u0432.\",\"potentialAction\":[{\"@type\":\"SearchAction\",\"target\":{\"@type\":\"EntryPoint\",\"urlTemplate\":\"https:\/\/www.kurpfalz-internat.de\/ru?s={search_term_string}\"},\"query-input\":{\"@type\":\"PropertyValueSpecification\",\"valueRequired\":true,\"valueName\":\"search_term_string\"}}],\"inLanguage\":\"ru-RU\"}]}<\/script>\n<!-- \/ Yoast SEO plugin. -->","yoast_head_json":{"title":"\u0414\u043e\u0441\u0442\u0443\u043f\u043d\u043e\u0441\u0442\u044c - Kurpfalz Internat","robots":{"index":"noindex","follow":"nofollow"},"og_locale":"ru_RU","og_type":"article","og_title":"\u0414\u043e\u0441\u0442\u0443\u043f\u043d\u043e\u0441\u0442\u044c - Kurpfalz Internat","og_description":"Erkl\u00e4rung zur Barrierefreiheit Kurpfalz-Internat gemeinn\u00fctzige BetriebsGmbH ist bem\u00fcht, die Website www.kurpfalz-internat.de im Einklang mit den nationalen Rechtsvorschriften zur Umsetzung der Richtlinie (EU) [&hellip;]","og_url":"https:\/\/www.kurpfalz-internat.de\/ru\/dostupnost","og_site_name":"Kurpfalz Internat","article_modified_time":"2026-01-20T10:04:31+00:00","twitter_card":"summary_large_image","twitter_misc":{"\u041f\u0440\u0438\u043c\u0435\u0440\u043d\u043e\u0435 \u0432\u0440\u0435\u043c\u044f \u0434\u043b\u044f \u0447\u0442\u0435\u043d\u0438\u044f":"1 \u043c\u0438\u043d\u0443\u0442\u0430"},"schema":{"@context":"https:\/\/schema.org","@graph":[{"@type":"WebPage","@id":"https:\/\/www.kurpfalz-internat.de\/ru\/dostupnost#webpage","url":"https:\/\/www.kurpfalz-internat.de\/ru\/dostupnost","name":"\u0414\u043e\u0441\u0442\u0443\u043f\u043d\u043e\u0441\u0442\u044c - Kurpfalz Internat","isPartOf":{"@id":"https:\/\/www.kurpfalz-internat.de\/ru#website"},"datePublished":"2025-08-28T12:03:34+00:00","dateModified":"2026-01-20T10:04:31+00:00","breadcrumb":{"@id":"https:\/\/www.kurpfalz-internat.de\/ru\/dostupnost#breadcrumb"},"inLanguage":"ru-RU","potentialAction":[{"@type":"ReadAction","target":["https:\/\/www.kurpfalz-internat.de\/ru\/dostupnost"]}]},{"@type":"BreadcrumbList","@id":"https:\/\/www.kurpfalz-internat.de\/ru\/dostupnost#breadcrumb","itemListElement":[{"@type":"ListItem","position":1,"name":"Startseite","item":"https:\/\/www.kurpfalz-internat.de\/ru"},{"@type":"ListItem","position":2,"name":"\u0414\u043e\u0441\u0442\u0443\u043f\u043d\u043e\u0441\u0442\u044c"}]},{"@type":"WebSite","@id":"https:\/\/www.kurpfalz-internat.de\/ru#website","url":"https:\/\/www.kurpfalz-internat.de\/ru","name":"Kurpfalz Internat","description":"\u0427\u0430\u0441\u0442\u043d\u044b\u0439 \u0438\u043d\u0442\u0435\u0440\u043d\u0430\u0442 \u041a\u0443\u0440\u043f\u0444\u0430\u043b\u044c\u0446 \u0441 \u0433\u0438\u043c\u043d\u0430\u0437\u0438\u0435\u0439 \u0438 \u0440\u0435\u0430\u043b\u044c\u043d\u043e\u0439 \u0448\u043a\u043e\u043b\u043e\u0439 \u2013 \u0434\u043b\u044f \u0443\u0447\u0435\u043d\u0438\u043a\u043e\u0432, \u0438\u0449\u0443\u0449\u0438\u0445 \u0432\u044b\u0437\u043e\u0432.","potentialAction":[{"@type":"SearchAction","target":{"@type":"EntryPoint","urlTemplate":"https:\/\/www.kurpfalz-internat.de\/ru?s={search_term_string}"},"query-input":{"@type":"PropertyValueSpecification","valueRequired":true,"valueName":"search_term_string"}}],"inLanguage":"ru-RU"}]}},"block_visibility_meta":[],"_links":{"self":[{"href":"https:\/\/www.kurpfalz-internat.de\/ru\/wp-json\/wp\/v2\/pages\/49082","targetHints":{"allow":["GET"]}}],"collection":[{"href":"https:\/\/www.kurpfalz-internat.de\/ru\/wp-json\/wp\/v2\/pages"}],"about":[{"href":"https:\/\/www.kurpfalz-internat.de\/ru\/wp-json\/wp\/v2\/types\/page"}],"author":[{"embeddable":true,"href":"https:\/\/www.kurpfalz-internat.de\/ru\/wp-json\/wp\/v2\/users\/1"}],"replies":[{"embeddable":true,"href":"https:\/\/www.kurpfalz-internat.de\/ru\/wp-json\/wp\/v2\/comments?post=49082"}],"version-history":[{"count":1,"href":"https:\/\/www.kurpfalz-internat.de\/ru\/wp-json\/wp\/v2\/pages\/49082\/revisions"}],"predecessor-version":[{"id":49083,"href":"https:\/\/www.kurpfalz-internat.de\/ru\/wp-json\/wp\/v2\/pages\/49082\/revisions\/49083"}],"wp:attachment":[{"href":"https:\/\/www.kurpfalz-internat.de\/ru\/wp-json\/wp\/v2\/media?parent=49082"}],"curies":[{"name":"wp","href":"https:\/\/api.w.org\/{rel}","templated":true}]}}