{"id":36438,"date":"2025-12-04T14:58:49","date_gmt":"2025-12-04T14:58:49","guid":{"rendered":"https:\/\/www.kurpfalz-internat.de\/yaz-okulu-cevrimici-kayit"},"modified":"2026-01-19T13:59:46","modified_gmt":"2026-01-19T13:59:46","slug":"yaz-okulu-cevrimici-kayit","status":"publish","type":"page","link":"https:\/\/www.kurpfalz-internat.de\/tr\/yaz-okulu-cevrimici-kayit","title":{"rendered":"Yaz Okulu \u00c7evrimi\u00e7i Kay\u0131t"},"content":{"rendered":"\n<h1 class=\"wp-block-heading\">\u015eimdi Yaz Okulu&#8217;na kaydolun<\/h1>\n\n<iframe loading=\"lazy\" title=\"\u201dSummer\" school=\"\" online=\"\" anmeldung=\"\" id=\"dynamicIframe\" src=\"https:\/\/ims.kurpfalz-internat.de\/summer-school\/registration\/new\" width=\"100%\" height=\"600px\" frameborder=\"0\" allowfullscreen=\"\">\n<\/iframe>\n\n<script>\n    const iframe = document.getElementById('dynamicIframe');\n    if (iframe) {\n        function setIframeHeightByScreen() {\n            const screenWidth = window.innerWidth;\n            let newHeight;\n            if (screenWidth <= 768) {\n                newHeight = '2040px';\n            } else if (screenWidth > 768 && screenWidth <= 1199) {\n                newHeight = '1540px';\n            } else {\n                newHeight = '1140px';\n            }\n            iframe.style.height = newHeight;\n        }\n        setIframeHeightByScreen();\n        window.addEventListener('resize', setIframeHeightByScreen);\n    }\n<\/script>\n","protected":false},"excerpt":{"rendered":"<p>\u015eimdi Yaz Okulu&#8217;na kaydolun<\/p>\n","protected":false},"author":1,"featured_media":0,"parent":0,"menu_order":0,"comment_status":"closed","ping_status":"closed","template":"","meta":{"_acf_changed":false,"footnotes":""},"class_list":["post-36438","page","type-page","status-publish"],"acf":[],"yoast_head":"<!-- This site is optimized with the Yoast SEO plugin v26.9 - https:\/\/yoast.com\/product\/yoast-seo-wordpress\/ -->\n<title>Yaz Okulu \u00c7evrimi\u00e7i Kay\u0131t - Kurpfalz Internat<\/title>\n<meta name=\"description\" content=\"Kurpfalz-\u0130nternat\u0131\u2019n\u0131n Yaz Okulu i\u00e7in \u00e7evrimi\u00e7i kay\u0131t.\" \/>\n<meta name=\"robots\" content=\"index, follow, max-snippet:-1, max-image-preview:large, max-video-preview:-1\" \/>\n<link rel=\"canonical\" href=\"https:\/\/www.kurpfalz-internat.de\/tr\/yaz-okulu-cevrimici-kayit\" \/>\n<meta property=\"og:locale\" content=\"tr_TR\" \/>\n<meta property=\"og:type\" content=\"article\" \/>\n<meta property=\"og:title\" content=\"Yaz Okulu \u00c7evrimi\u00e7i Kay\u0131t - Kurpfalz Internat\" \/>\n<meta property=\"og:description\" content=\"Kurpfalz-\u0130nternat\u0131\u2019n\u0131n Yaz Okulu i\u00e7in \u00e7evrimi\u00e7i kay\u0131t.\" \/>\n<meta property=\"og:url\" content=\"https:\/\/www.kurpfalz-internat.de\/tr\/yaz-okulu-cevrimici-kayit\" \/>\n<meta property=\"og:site_name\" content=\"Kurpfalz Internat\" \/>\n<meta property=\"article:modified_time\" content=\"2026-01-19T13:59:46+00:00\" \/>\n<meta name=\"twitter:card\" content=\"summary_large_image\" \/>\n<script type=\"application\/ld+json\" class=\"yoast-schema-graph\">{\"@context\":\"https:\/\/schema.org\",\"@graph\":[{\"@type\":\"WebPage\",\"@id\":\"https:\/\/www.kurpfalz-internat.de\/tr\/yaz-okulu-cevrimici-kayit#webpage\",\"url\":\"https:\/\/www.kurpfalz-internat.de\/tr\/yaz-okulu-cevrimici-kayit\",\"name\":\"Yaz Okulu \u00c7evrimi\u00e7i Kay\u0131t - Kurpfalz Internat\",\"isPartOf\":{\"@id\":\"https:\/\/www.kurpfalz-internat.de\/tr#website\"},\"datePublished\":\"2025-12-04T14:58:49+00:00\",\"dateModified\":\"2026-01-19T13:59:46+00:00\",\"description\":\"Kurpfalz-\u0130nternat\u0131\u2019n\u0131n Yaz Okulu i\u00e7in \u00e7evrimi\u00e7i kay\u0131t.\",\"breadcrumb\":{\"@id\":\"https:\/\/www.kurpfalz-internat.de\/tr\/yaz-okulu-cevrimici-kayit#breadcrumb\"},\"inLanguage\":\"tr\",\"potentialAction\":[{\"@type\":\"ReadAction\",\"target\":[\"https:\/\/www.kurpfalz-internat.de\/tr\/yaz-okulu-cevrimici-kayit\"]}]},{\"@type\":\"BreadcrumbList\",\"@id\":\"https:\/\/www.kurpfalz-internat.de\/tr\/yaz-okulu-cevrimici-kayit#breadcrumb\",\"itemListElement\":[{\"@type\":\"ListItem\",\"position\":1,\"name\":\"Startseite\",\"item\":\"https:\/\/www.kurpfalz-internat.de\/tr\"},{\"@type\":\"ListItem\",\"position\":2,\"name\":\"Yaz Okulu \u00c7evrimi\u00e7i Kay\u0131t\"}]},{\"@type\":\"WebSite\",\"@id\":\"https:\/\/www.kurpfalz-internat.de\/tr#website\",\"url\":\"https:\/\/www.kurpfalz-internat.de\/tr\",\"name\":\"Kurpfalz Internat\",\"description\":\"\u00d6zel Kurpfalz yat\u0131l\u0131 okulu, zorluk arayan \u00f6\u011frenci k\u0131z ve erkekler i\u00e7in \u2013 genel lise ve ortaokul ile.\",\"potentialAction\":[{\"@type\":\"SearchAction\",\"target\":{\"@type\":\"EntryPoint\",\"urlTemplate\":\"https:\/\/www.kurpfalz-internat.de\/tr?s={search_term_string}\"},\"query-input\":{\"@type\":\"PropertyValueSpecification\",\"valueRequired\":true,\"valueName\":\"search_term_string\"}}],\"inLanguage\":\"tr\"}]}<\/script>\n<!-- \/ Yoast SEO plugin. -->","yoast_head_json":{"title":"Yaz Okulu \u00c7evrimi\u00e7i Kay\u0131t - Kurpfalz Internat","description":"Kurpfalz-\u0130nternat\u0131\u2019n\u0131n Yaz Okulu i\u00e7in \u00e7evrimi\u00e7i kay\u0131t.","robots":{"index":"index","follow":"follow","max-snippet":"max-snippet:-1","max-image-preview":"max-image-preview:large","max-video-preview":"max-video-preview:-1"},"canonical":"https:\/\/www.kurpfalz-internat.de\/tr\/yaz-okulu-cevrimici-kayit","og_locale":"tr_TR","og_type":"article","og_title":"Yaz Okulu \u00c7evrimi\u00e7i Kay\u0131t - Kurpfalz Internat","og_description":"Kurpfalz-\u0130nternat\u0131\u2019n\u0131n Yaz Okulu i\u00e7in \u00e7evrimi\u00e7i kay\u0131t.","og_url":"https:\/\/www.kurpfalz-internat.de\/tr\/yaz-okulu-cevrimici-kayit","og_site_name":"Kurpfalz Internat","article_modified_time":"2026-01-19T13:59:46+00:00","twitter_card":"summary_large_image","schema":{"@context":"https:\/\/schema.org","@graph":[{"@type":"WebPage","@id":"https:\/\/www.kurpfalz-internat.de\/tr\/yaz-okulu-cevrimici-kayit#webpage","url":"https:\/\/www.kurpfalz-internat.de\/tr\/yaz-okulu-cevrimici-kayit","name":"Yaz Okulu \u00c7evrimi\u00e7i Kay\u0131t - Kurpfalz Internat","isPartOf":{"@id":"https:\/\/www.kurpfalz-internat.de\/tr#website"},"datePublished":"2025-12-04T14:58:49+00:00","dateModified":"2026-01-19T13:59:46+00:00","description":"Kurpfalz-\u0130nternat\u0131\u2019n\u0131n Yaz Okulu i\u00e7in \u00e7evrimi\u00e7i kay\u0131t.","breadcrumb":{"@id":"https:\/\/www.kurpfalz-internat.de\/tr\/yaz-okulu-cevrimici-kayit#breadcrumb"},"inLanguage":"tr","potentialAction":[{"@type":"ReadAction","target":["https:\/\/www.kurpfalz-internat.de\/tr\/yaz-okulu-cevrimici-kayit"]}]},{"@type":"BreadcrumbList","@id":"https:\/\/www.kurpfalz-internat.de\/tr\/yaz-okulu-cevrimici-kayit#breadcrumb","itemListElement":[{"@type":"ListItem","position":1,"name":"Startseite","item":"https:\/\/www.kurpfalz-internat.de\/tr"},{"@type":"ListItem","position":2,"name":"Yaz Okulu \u00c7evrimi\u00e7i Kay\u0131t"}]},{"@type":"WebSite","@id":"https:\/\/www.kurpfalz-internat.de\/tr#website","url":"https:\/\/www.kurpfalz-internat.de\/tr","name":"Kurpfalz Internat","description":"\u00d6zel Kurpfalz yat\u0131l\u0131 okulu, zorluk arayan \u00f6\u011frenci k\u0131z ve erkekler i\u00e7in \u2013 genel lise ve ortaokul ile.","potentialAction":[{"@type":"SearchAction","target":{"@type":"EntryPoint","urlTemplate":"https:\/\/www.kurpfalz-internat.de\/tr?s={search_term_string}"},"query-input":{"@type":"PropertyValueSpecification","valueRequired":true,"valueName":"search_term_string"}}],"inLanguage":"tr"}]}},"block_visibility_meta":[],"_links":{"self":[{"href":"https:\/\/www.kurpfalz-internat.de\/tr\/wp-json\/wp\/v2\/pages\/36438","targetHints":{"allow":["GET"]}}],"collection":[{"href":"https:\/\/www.kurpfalz-internat.de\/tr\/wp-json\/wp\/v2\/pages"}],"about":[{"href":"https:\/\/www.kurpfalz-internat.de\/tr\/wp-json\/wp\/v2\/types\/page"}],"author":[{"embeddable":true,"href":"https:\/\/www.kurpfalz-internat.de\/tr\/wp-json\/wp\/v2\/users\/1"}],"replies":[{"embeddable":true,"href":"https:\/\/www.kurpfalz-internat.de\/tr\/wp-json\/wp\/v2\/comments?post=36438"}],"version-history":[{"count":3,"href":"https:\/\/www.kurpfalz-internat.de\/tr\/wp-json\/wp\/v2\/pages\/36438\/revisions"}],"predecessor-version":[{"id":48645,"href":"https:\/\/www.kurpfalz-internat.de\/tr\/wp-json\/wp\/v2\/pages\/36438\/revisions\/48645"}],"wp:attachment":[{"href":"https:\/\/www.kurpfalz-internat.de\/tr\/wp-json\/wp\/v2\/media?parent=36438"}],"curies":[{"name":"wp","href":"https:\/\/api.w.org\/{rel}","templated":true}]}}